{"id":1302,"date":"2026-03-19T14:27:20","date_gmt":"2026-03-19T13:27:20","guid":{"rendered":"https:\/\/lyssna-njut.se\/?page_id=1302"},"modified":"2026-03-19T14:30:56","modified_gmt":"2026-03-19T13:30:56","slug":"hem01","status":"publish","type":"page","link":"https:\/\/lyssna-njut.se\/","title":{"rendered":"Hem02"},"content":{"rendered":"\n<div class=\"wp-block-columns has-base-background-color has-background is-layout-flex wp-container-core-columns-is-layout-9884b033 wp-block-columns-is-layout-flex\" style=\"padding-top:0;padding-right:var(--wp--preset--spacing--30);padding-bottom:var(--wp--preset--spacing--10);padding-left:var(--wp--preset--spacing--30)\">\n<div class=\"wp-block-column is-layout-flow wp-block-column-is-layout-flow\" style=\"flex-basis:100%\">\n<div class=\"wp-block-group alignwide has-base-background-color has-background is-vertical is-layout-flex wp-container-core-group-is-layout-ccc951f8 wp-block-group-is-layout-flex\" style=\"border-radius:0px;margin-top:0;margin-bottom:0;padding-top:var(--wp--preset--spacing--30);padding-right:0;padding-bottom:var(--wp--preset--spacing--30);padding-left:0\">\n<h3 class=\"wp-block-heading has-text-color has-link-color has-system-sans-serif-font-family has-x-large-font-size wp-elements-803e59c1077c48c935bdde473f37500e\" style=\"color:#122567;font-style:normal;font-weight:600\">FIBERN\u00c4T F\u00d6R FRAMTIDEN<\/h3>\n\n\n\n<p class=\"has-text-color has-link-color wp-elements-16650bc7f96238c0cfe77c182853fa76\" style=\"color:#122567\">Vi har varit verksamma i kommunen sedan 1973 och bygger fibern\u00e4t b\u00e5de i centrala B\u00e5lsta och i utkanterna av kommunen. Vi har ca 5 000 hush\u00e5ll anslutna till v\u00e5rt n\u00e4t och arbetar hela tiden f\u00f6r att kunna erbjuda fiber till fler hush\u00e5ll i kommunen. I samarbete med Global Connect kan vi nu ta oss an st\u00f6rre projekt och forts\u00e4tta att utveckla v\u00e5rt fibern\u00e4t.<\/p>\n\n\n\n<p class=\"has-large-font-size\"><strong>Oml\u00e4ggning fibern\u00e4t<\/strong><\/p>\n\n\n\n<p>Vi arbetar f\u00f6r att \u00f6ppna upp v\u00e5rt fibern\u00e4t \u00e5r 2027. Ett stort steg mot \u00f6ppen fiber \u00e4r oml\u00e4ggning av samtliga fastigheter i v\u00e5rt fibern\u00e4t. Oml\u00e4ggningen kommer att ske i omg\u00e5ngar och du kommer att f\u00e5 information n\u00e4r din fastighet st\u00e5r p\u00e5 tur. <\/p>\n\n\n\n<p>Har du fr\u00e5gor om oml\u00e4ggningen av fibern\u00e4tet i din fastighet eller beh\u00f6ver du hj\u00e4lp att komma ig\u00e5ng igen efter oml\u00e4ggningen?<\/p>\n\n\n\n<div style=\"height:18px\" aria-hidden=\"true\" class=\"wp-block-spacer wp-container-content-7a8a7e73\"><\/div>\n\n\n\n<div class=\"wp-block-buttons is-layout-flex wp-block-buttons-is-layout-flex\">\n<div class=\"wp-block-button\"><a class=\"wp-block-button__link has-background wp-element-button\" href=\"https:\/\/lyssna-njut.se\/?page_id=1123\" style=\"border-top-left-radius:27px;border-top-right-radius:27px;border-bottom-left-radius:27px;border-bottom-right-radius:27px;background-color:#122567\"><strong>L\u00e4s mer om oml\u00e4ggningen av fibern\u00e4tet<\/strong><\/a><\/div>\n\n\n\n<div class=\"wp-block-button\"><a class=\"wp-block-button__link has-background wp-element-button\" href=\"https:\/\/lyssna-njut.se\/?page_id=1123#vanliga-fragor-TV\" style=\"border-top-left-radius:27px;border-top-right-radius:27px;border-bottom-left-radius:27px;border-bottom-right-radius:27px;background-color:#122567\"><strong>Vanliga fr\u00e5gor TV-tj\u00e4nst efter oml\u00e4ggningen<\/strong><\/a><\/div>\n<\/div>\n<\/div>\n<\/div>\n<\/div>\n\n\n\n<div class=\"wp-block-group has-global-padding is-layout-constrained wp-container-core-group-is-layout-c9ba98b2 wp-block-group-is-layout-constrained has-background\" style=\"border-radius:10px;margin-top:0;margin-bottom:0;padding-top:0;padding-right:var(--wp--preset--spacing--30);padding-bottom:0;padding-left:var(--wp--preset--spacing--30);background-image:url(&apos;https:\/\/lyssna-njut.se\/wp-content\/uploads\/2024\/05\/LN-farg-e1716880798589.png&apos;);background-size:cover;\">\n<hr class=\"wp-block-separator alignwide has-text-color has-alpha-channel-opacity has-background\" style=\"margin-top:var(--wp--preset--spacing--30);margin-bottom:var(--wp--preset--spacing--30);background-color:#dde9e9;color:#dde9e9\"\/>\n\n\n\n<h2 class=\"wp-block-heading has-base-color has-text-color has-link-color has-system-sans-serif-font-family has-x-large-font-size wp-elements-621c493aadd9832f7dc8f7e0326a70a4\" style=\"font-style:normal;font-weight:600\">V\u00c5R TJ\u00c4NSTELEVERANT\u00d6R SAPPA\u200b<\/h2>\n\n\n\n<div class=\"wp-block-columns alignwide is-layout-flex wp-container-core-columns-is-layout-d6d4bbd0 wp-block-columns-is-layout-flex\" style=\"padding-right:0;padding-left:0\">\n<div class=\"wp-block-column is-vertically-aligned-stretch is-layout-flow wp-block-column-is-layout-flow\" style=\"flex-basis:100%\">\n<div class=\"wp-block-columns is-layout-flex wp-container-core-columns-is-layout-eea3bf95 wp-block-columns-is-layout-flex\" style=\"padding-top:var(--wp--preset--spacing--20);padding-right:var(--wp--preset--spacing--30);padding-bottom:var(--wp--preset--spacing--20);padding-left:var(--wp--preset--spacing--30)\">\n<div class=\"wp-block-column has-border-color has-base-background-color has-background has-global-padding is-content-justification-left is-layout-constrained wp-container-core-column-is-layout-c1cd3b84 wp-block-column-is-layout-constrained\" style=\"border-color:#dde9e9;border-width:2px;padding-top:var(--wp--preset--spacing--30);padding-right:var(--wp--preset--spacing--30);padding-bottom:var(--wp--preset--spacing--30);padding-left:var(--wp--preset--spacing--30);flex-basis:33.34%\">\n<div class=\"wp-block-group has-global-padding is-layout-constrained wp-block-group-is-layout-constrained\">\n<h2 class=\"wp-block-heading has-text-color has-link-color has-system-sans-serif-font-family has-large-font-size wp-elements-4d6d78317a966685fffce946eeff9539\" style=\"color:#122567;font-style:normal;font-weight:600\">Teckna tj\u00e4nster<\/h2>\n<\/div>\n\n\n\n<p class=\"has-text-color has-link-color wp-elements-132238eefbdccc8a1e8a5ba8c2153a60\" style=\"color:#122567\">Vill du teckna bredband, TV eller IP-telefoni? Eller vill du g\u00f6ra \u00e4ndringar i dina tj\u00e4nster eller anm\u00e4la flytt?<\/p>\n\n\n\n<p class=\"has-text-color has-link-color wp-elements-0bace89887b113251769ddf580bc2a9d\" style=\"color:#122567\">Kontakta Sappa! Ring <strong>010-810 91 43<\/strong>, de har telefontider vardagar 8-19 och helger 10-14. <\/p>\n\n\n\n<div class=\"wp-block-buttons is-layout-flex wp-block-buttons-is-layout-flex\">\n<div class=\"wp-block-button\"><a class=\"wp-block-button__link has-text-color has-background has-link-color wp-element-button\" href=\"https:\/\/lyssna-njut.se\/?page_id=897\" style=\"border-radius:40px;color:#122567;background-color:#3cd4ae\"><strong>Teckna tj\u00e4nster<\/strong><\/a><\/div>\n<\/div>\n<\/div>\n\n\n\n<div class=\"wp-block-column has-border-color has-base-background-color has-background has-global-padding is-content-justification-left is-layout-constrained wp-container-core-column-is-layout-c1cd3b84 wp-block-column-is-layout-constrained\" style=\"border-color:#dde9e9;border-width:2px;padding-top:var(--wp--preset--spacing--30);padding-right:var(--wp--preset--spacing--30);padding-bottom:var(--wp--preset--spacing--30);padding-left:var(--wp--preset--spacing--30);flex-basis:33.34%\">\n<div class=\"wp-block-group has-global-padding is-layout-constrained wp-block-group-is-layout-constrained\">\n<h2 class=\"wp-block-heading has-text-color has-link-color has-system-sans-serif-font-family has-large-font-size wp-elements-f3eac2b24ee1e9d1aa88ce40adc8485a\" style=\"color:#122567;font-style:normal;font-weight:600\">Support<\/h2>\n<\/div>\n\n\n\n<p class=\"has-text-color has-link-color wp-elements-23b2c9f123158f0dfd87ed2a8da0e069\" style=\"color:#122567\">Beh\u00f6ver du support? <br>Kontakta Sappa p\u00e5 <strong>010-810 91 43<\/strong>, de har telefontider vardagar 8-19 och helger 10-14.<\/p>\n\n\n\n<p>Eller skapa ett \u00e4rende p\u00e5 sappa.se<\/p>\n\n\n\n<div style=\"height:3px\" aria-hidden=\"true\" class=\"wp-block-spacer\"><\/div>\n\n\n\n<div class=\"wp-block-buttons is-layout-flex wp-block-buttons-is-layout-flex\">\n<div class=\"wp-block-button\"><a class=\"wp-block-button__link has-text-color has-background has-link-color wp-element-button\" href=\"https:\/\/sappa.se\/kundsupport\" style=\"border-radius:40px;color:#122567;background-color:#3cd4ae\" target=\"_blank\" rel=\"noreferrer noopener\"><strong>Support<\/strong><\/a><\/div>\n<\/div>\n<\/div>\n\n\n\n<div class=\"wp-block-column has-border-color has-base-background-color has-background has-global-padding is-content-justification-left is-layout-constrained wp-container-core-column-is-layout-c1cd3b84 wp-block-column-is-layout-constrained\" style=\"border-color:#dde9e9;border-width:2px;padding-top:var(--wp--preset--spacing--30);padding-right:var(--wp--preset--spacing--30);padding-bottom:var(--wp--preset--spacing--30);padding-left:var(--wp--preset--spacing--30);flex-basis:33.34%\">\n<div class=\"wp-block-group has-global-padding is-layout-constrained wp-block-group-is-layout-constrained\">\n<h2 class=\"wp-block-heading has-text-color has-link-color has-system-sans-serif-font-family has-large-font-size wp-elements-15423128c8f9869a0d15cd39cbe4d657\" style=\"color:#122567;font-style:normal;font-weight:600\">Driftinformation<\/h2>\n<\/div>\n\n\n\n<p class=\"has-text-color has-link-color wp-elements-4ac3fbaaf9dc9729f69715db87a0bb4b\" style=\"color:#122567\">Se planerade\/p\u00e5g\u00e5ende driftst\u00f6rningar i n\u00e4tet p\u00e5 Sappas hemsida. <br><\/p>\n\n\n\n<div style=\"height:51px\" aria-hidden=\"true\" class=\"wp-block-spacer\"><\/div>\n\n\n\n<div class=\"wp-block-buttons is-layout-flex wp-block-buttons-is-layout-flex\">\n<div class=\"wp-block-button\"><a class=\"wp-block-button__link has-text-color has-background has-link-color wp-element-button\" href=\"https:\/\/sappa.se\/kundsupport\" style=\"border-radius:40px;color:#122567;background-color:#3cd4ae\" target=\"_blank\" rel=\"noreferrer noopener\"><strong>Driftinformation<\/strong><\/a><\/div>\n<\/div>\n<\/div>\n<\/div>\n<\/div>\n<\/div>\n<\/div>\n\n\n\n<div class=\"wp-block-group alignfull has-background has-global-padding is-content-justification-center is-layout-constrained wp-container-core-group-is-layout-c9a767d9 wp-block-group-is-layout-constrained\" style=\"background:linear-gradient(135deg,rgb(137,212,255) 0%,rgb(144,108,244) 100%)\">\n<div class=\"wp-block-columns is-layout-flex wp-container-core-columns-is-layout-863eda0c wp-block-columns-is-layout-flex\" style=\"padding-top:0;padding-right:0;padding-bottom:var(--wp--preset--spacing--10);padding-left:0\">\n<div class=\"wp-block-column is-layout-flow wp-block-column-is-layout-flow\" style=\"padding-top:var(--wp--preset--spacing--20);padding-right:var(--wp--preset--spacing--30);padding-bottom:0;padding-left:var(--wp--preset--spacing--30);flex-basis:50%\">\n<div class=\"wp-block-group alignwide is-vertical is-content-justification-left is-layout-flex wp-container-core-group-is-layout-6c65ddd6 wp-block-group-is-layout-flex\" style=\"border-radius:0px;padding-top:var(--wp--preset--spacing--30);padding-right:0;padding-bottom:var(--wp--preset--spacing--30);padding-left:0\">\n<h3 class=\"wp-block-heading has-text-color has-link-color has-system-sans-serif-font-family has-x-large-font-size wp-elements-4ac820543c3d16315f708232016472c2\" style=\"color:#122567;font-style:normal;font-weight:600\">SKA DU GR\u00c4VA P\u00c5 DIN TOMT?<\/h3>\n\n\n\n<p class=\"has-system-sans-serif-font-family has-large-font-size\"><strong>G\u00f6r en ans\u00f6kan p\u00e5 Ledningskollen!<\/strong><\/p>\n\n\n\n<p>D\u00e5 kan du f\u00e5 information om vilka kablar du beh\u00f6ver ta h\u00e4nsyn till under ditt arbete!<br>Finns det kabelr\u00f6r i n\u00e4rheten av gr\u00e4vomr\u00e5det och skickar en ledningsanvisning och s\u00e4tter ut kabelr\u00f6ret p\u00e5 plats s\u00e5 du kan gr\u00e4va utan att vara orolig.<\/p>\n<\/div>\n<\/div>\n\n\n\n<div class=\"wp-block-column is-layout-flow wp-block-column-is-layout-flow\" style=\"padding-top:var(--wp--preset--spacing--20);padding-right:var(--wp--preset--spacing--30);padding-bottom:0;padding-left:var(--wp--preset--spacing--30);flex-basis:50%\">\n<div class=\"wp-block-group alignwide is-vertical is-content-justification-left is-layout-flex wp-container-core-group-is-layout-6c65ddd6 wp-block-group-is-layout-flex\" style=\"border-radius:0px;padding-top:var(--wp--preset--spacing--30);padding-right:0;padding-bottom:var(--wp--preset--spacing--30);padding-left:0\">\n<h3 class=\"wp-block-heading has-text-color has-link-color has-system-sans-serif-font-family has-x-large-font-size wp-elements-0e5704af855700ab235b2760190eaec8\" style=\"color:#122567;font-style:normal;font-weight:600\">VI BYGGER FIBER I H\u00c5BO<\/h3>\n\n\n\n<p class=\"has-text-color has-link-color wp-elements-23772eb7e58b2c86f1445a0c03a49416\" style=\"color:#122567\">\u00c4r du intresserad av att ansluta din fastighet till v\u00e5rt fibern\u00e4t? G\u00f6r en intresseanm\u00e4lan s\u00e5 \u00e5terkopplar vi till dig s\u00e5 snart vi kan!<\/p>\n\n\n\n<p>V\u00e5rt fibern\u00e4t str\u00e4cker sig \u00f6ver stora delar av kommunen, l\u00e4s mer om v\u00e5rt fibern\u00e4t och v\u00e4gen fr\u00e5n intresseanm\u00e4lan till installation. <\/p>\n<\/div>\n<\/div>\n<\/div>\n\n\n\n<div class=\"wp-block-columns is-layout-flex wp-container-core-columns-is-layout-863eda0c wp-block-columns-is-layout-flex\" style=\"padding-top:0;padding-right:0;padding-bottom:var(--wp--preset--spacing--10);padding-left:0\">\n<div class=\"wp-block-column is-layout-flow wp-block-column-is-layout-flow\" style=\"padding-right:var(--wp--preset--spacing--20);flex-basis:60%\">\n<div class=\"wp-block-buttons is-content-justification-left is-layout-flex wp-container-core-buttons-is-layout-e7211850 wp-block-buttons-is-layout-flex\" style=\"padding-right:0;padding-left:var(--wp--preset--spacing--30)\">\n<div class=\"wp-block-button\"><a class=\"wp-block-button__link has-background wp-element-button\" href=\"https:\/\/www.ledningskollen.se\/\" style=\"border-radius:27px;background-color:#122567;padding-right:var(--wp--preset--spacing--20);padding-left:var(--wp--preset--spacing--20)\"><strong>G\u00e5 till Ledningskollen.se<\/strong><\/a><\/div>\n<\/div>\n<\/div>\n\n\n\n<div class=\"wp-block-column is-layout-flow wp-block-column-is-layout-flow\" style=\"padding-top:0;padding-right:var(--wp--preset--spacing--30);padding-bottom:var(--wp--preset--spacing--30);padding-left:var(--wp--preset--spacing--30);flex-basis:50%\">\n<div class=\"wp-block-buttons is-content-justification-left is-layout-flex wp-container-core-buttons-is-layout-433a7d5a wp-block-buttons-is-layout-flex\" style=\"padding-right:0;padding-left:0\">\n<div class=\"wp-block-button\"><a class=\"wp-block-button__link has-background wp-element-button\" href=\"https:\/\/lyssna-njut.se\/?page_id=134\" style=\"border-radius:27px;background-color:#122567;padding-right:var(--wp--preset--spacing--20);padding-left:var(--wp--preset--spacing--20)\"><strong>L\u00e4s mer om v\u00e5rt fibern\u00e4t<\/strong><\/a><\/div>\n\n\n\n<div class=\"wp-block-button\"><a class=\"wp-block-button__link has-background wp-element-button\" href=\"https:\/\/lyssna-njut.se\/?p=1007\" style=\"border-radius:27px;background-color:#122567;padding-right:var(--wp--preset--spacing--20);padding-left:var(--wp--preset--spacing--20)\"><strong>V\u00e4gen mot ett \u00f6ppet fibern\u00e4t<\/strong><\/a><\/div>\n<\/div>\n<\/div>\n<\/div>\n<\/div>\n\n\n\n<div class=\"wp-block-columns has-base-background-color has-background is-layout-flex wp-container-core-columns-is-layout-bbf6143c wp-block-columns-is-layout-flex\" style=\"padding-top:var(--wp--preset--spacing--30);padding-right:var(--wp--preset--spacing--30);padding-bottom:var(--wp--preset--spacing--30);padding-left:var(--wp--preset--spacing--30)\">\n<div class=\"wp-block-column is-layout-flow wp-block-column-is-layout-flow\" style=\"flex-basis:50%\">\n<div class=\"wp-block-group alignwide has-base-background-color has-background is-vertical is-layout-flex wp-container-core-group-is-layout-d3dee177 wp-block-group-is-layout-flex\" style=\"border-radius:0px;padding-top:var(--wp--preset--spacing--30);padding-right:var(--wp--preset--spacing--30);padding-bottom:var(--wp--preset--spacing--30);padding-left:0\">\n<h3 class=\"wp-block-heading has-text-color has-link-color has-system-sans-serif-font-family has-x-large-font-size wp-elements-43f83d4995124f10d6e3d0c19fbf7e4b\" style=\"color:#122567;font-style:normal;font-weight:600\">V\u00c5RT KUNDCENTER<\/h3>\n\n\n\n<p class=\"has-text-color has-link-color wp-elements-540cd2c5a3dc426e0f00332ad077821b\" style=\"color:#122567\">Kundcentret har endast \u00f6ppet f\u00f6r tidsbokade bes\u00f6k. <\/p>\n\n\n\n<p class=\"has-text-color has-link-color wp-elements-c37a1bbb0a6c62aee58da2ae0dd93db6\" style=\"color:#122567\">G\u00f6r tidsbokning p\u00e5 tel 0171-595 65 (knappval 3). Du kan alltid l\u00e4mna ett meddelande p\u00e5 v\u00e5r telefonsvarare, s\u00e5 ringer vi upp s\u00e5 snart vi kan. <br>Du kan \u00e4ven mejla info@lyssna-njut.se.<\/p>\n\n\n\n<p><\/p>\n<\/div>\n<\/div>\n\n\n\n<div class=\"wp-block-column has-base-background-color has-background is-layout-flow wp-block-column-is-layout-flow\" style=\"padding-right:0;padding-left:0;flex-basis:50%\">\n<figure class=\"wp-block-image size-large is-resized has-custom-border\"><img loading=\"lazy\" decoding=\"async\" width=\"1024\" height=\"696\" src=\"https:\/\/lyssna-njut.se\/wp-content\/uploads\/2024\/04\/blandat-ska-sorteras-353-1-1024x696.jpg\" alt=\"\" class=\"wp-image-370\" style=\"border-radius:10px;width:722px;height:auto\" srcset=\"https:\/\/lyssna-njut.se\/wp-content\/uploads\/2024\/04\/blandat-ska-sorteras-353-1-1024x696.jpg 1024w, https:\/\/lyssna-njut.se\/wp-content\/uploads\/2024\/04\/blandat-ska-sorteras-353-1-300x204.jpg 300w, https:\/\/lyssna-njut.se\/wp-content\/uploads\/2024\/04\/blandat-ska-sorteras-353-1-768x522.jpg 768w, https:\/\/lyssna-njut.se\/wp-content\/uploads\/2024\/04\/blandat-ska-sorteras-353-1-1536x1044.jpg 1536w, https:\/\/lyssna-njut.se\/wp-content\/uploads\/2024\/04\/blandat-ska-sorteras-353-1-2048x1392.jpg 2048w\" sizes=\"auto, (max-width: 1024px) 100vw, 1024px\" \/><\/figure>\n<\/div>\n<\/div>\n\n\n\n<hr class=\"wp-block-separator alignwide has-text-color has-alpha-channel-opacity has-background\" style=\"margin-top:var(--wp--preset--spacing--20);margin-bottom:var(--wp--preset--spacing--20);background-color:#dde9e9;color:#dde9e9\"\/>\n\n\n\n<div style=\"height:50px\" aria-hidden=\"true\" class=\"wp-block-spacer\"><\/div>\n","protected":false},"excerpt":{"rendered":"<p>FIBERN\u00c4T F\u00d6R FRAMTIDEN Vi har varit verksamma i kommunen sedan 1973 och bygger fibern\u00e4t b\u00e5de i centrala B\u00e5lsta och i utkanterna av kommunen. Vi har ca 5 000 hush\u00e5ll anslutna till v\u00e5rt n\u00e4t och arbetar hela tiden f\u00f6r att kunna erbjuda fiber till fler hush\u00e5ll i kommunen. I samarbete med Global Connect kan vi nu [&hellip;]<\/p>\n","protected":false},"author":2,"featured_media":0,"parent":0,"menu_order":0,"comment_status":"closed","ping_status":"closed","template":"","meta":{"footnotes":""},"class_list":["post-1302","page","type-page","status-publish","hentry"],"_links":{"self":[{"href":"https:\/\/lyssna-njut.se\/index.php?rest_route=\/wp\/v2\/pages\/1302","targetHints":{"allow":["GET"]}}],"collection":[{"href":"https:\/\/lyssna-njut.se\/index.php?rest_route=\/wp\/v2\/pages"}],"about":[{"href":"https:\/\/lyssna-njut.se\/index.php?rest_route=\/wp\/v2\/types\/page"}],"author":[{"embeddable":true,"href":"https:\/\/lyssna-njut.se\/index.php?rest_route=\/wp\/v2\/users\/2"}],"replies":[{"embeddable":true,"href":"https:\/\/lyssna-njut.se\/index.php?rest_route=%2Fwp%2Fv2%2Fcomments&post=1302"}],"version-history":[{"count":5,"href":"https:\/\/lyssna-njut.se\/index.php?rest_route=\/wp\/v2\/pages\/1302\/revisions"}],"predecessor-version":[{"id":1308,"href":"https:\/\/lyssna-njut.se\/index.php?rest_route=\/wp\/v2\/pages\/1302\/revisions\/1308"}],"wp:attachment":[{"href":"https:\/\/lyssna-njut.se\/index.php?rest_route=%2Fwp%2Fv2%2Fmedia&parent=1302"}],"curies":[{"name":"wp","href":"https:\/\/api.w.org\/{rel}","templated":true}]}}