{"id":30,"date":"2024-03-21T09:14:04","date_gmt":"2024-03-21T08:14:04","guid":{"rendered":"http:\/\/77.244.9.134\/wordpress\/?page_id=30"},"modified":"2026-04-21T13:14:10","modified_gmt":"2026-04-21T11:14:10","slug":"kontakt","status":"publish","type":"page","link":"https:\/\/lyssna-njut.se\/?page_id=30","title":{"rendered":"Kontakt"},"content":{"rendered":"\n<div class=\"wp-block-group alignwide has-global-padding is-layout-constrained wp-container-core-group-is-layout-32e53fe4 wp-block-group-is-layout-constrained has-background\" style=\"border-radius:10px;margin-top:0;margin-bottom:0;padding-top:var(--wp--preset--spacing--50);padding-right:var(--wp--preset--spacing--50);padding-bottom:0;padding-left:var(--wp--preset--spacing--50);background-image:url(&apos;https:\/\/lyssna-njut.se\/wp-content\/uploads\/2024\/05\/LN-farg-e1716880798589.png&apos;);background-size:cover;\">\n<div class=\"wp-block-group is-vertical is-content-justification-center is-layout-flex wp-container-core-group-is-layout-ce155fab wp-block-group-is-layout-flex\">\n<h2 class=\"wp-block-heading has-text-align-center has-base-color has-text-color has-link-color has-system-sans-serif-font-family has-x-large-font-size wp-elements-f5631eee84ffb1a71e667bb8068c8d1f\" style=\"font-style:normal;font-weight:600\">KONTAKT<\/h2>\n<\/div>\n\n\n\n<p class=\"has-text-align-center has-base-color has-text-color has-link-color wp-elements-695b7f68027274cf0768ee69214bbc20\">Har du fr\u00e5gor om best\u00e4llning eller installation av fiber?<\/p>\n\n\n\n<div style=\"height:27px\" aria-hidden=\"true\" class=\"wp-block-spacer\"><\/div>\n\n\n\n<div class=\"wp-block-columns alignwide is-layout-flex wp-container-core-columns-is-layout-4935966c wp-block-columns-is-layout-flex\" style=\"padding-right:0;padding-left:0\">\n<div class=\"wp-block-column has-border-color has-base-background-color has-background is-layout-flow wp-block-column-is-layout-flow\" style=\"border-color:#dde9e9;border-width:1px;padding-top:var(--wp--preset--spacing--30);padding-right:var(--wp--preset--spacing--30);padding-bottom:var(--wp--preset--spacing--30);padding-left:var(--wp--preset--spacing--30)\">\n<figure class=\"wp-block-image aligncenter size-full is-resized is-style-rounded is-style-rounded--1\"><img loading=\"lazy\" decoding=\"async\" width=\"551\" height=\"411\" src=\"https:\/\/lyssna-njut.se\/wp-content\/uploads\/2024\/04\/symboler-03.png\" alt=\"\" class=\"wp-image-613\" style=\"aspect-ratio:1;object-fit:cover;width:72px;height:auto\" srcset=\"https:\/\/lyssna-njut.se\/wp-content\/uploads\/2024\/04\/symboler-03.png 551w, https:\/\/lyssna-njut.se\/wp-content\/uploads\/2024\/04\/symboler-03-300x224.png 300w\" sizes=\"auto, (max-width: 551px) 100vw, 551px\" \/><\/figure>\n\n\n\n<div style=\"height:14px\" aria-hidden=\"true\" class=\"wp-block-spacer\"><\/div>\n\n\n\n<h4 class=\"wp-block-heading has-text-align-center has-text-color has-link-color has-system-sans-serif-font-family wp-elements-8d05125be31e21f12cbdbbdffb85362d\" style=\"color:#122567;font-style:normal;font-weight:500\">Kundcentret<\/h4>\n\n\n\n<p class=\"has-text-align-center has-text-color has-link-color wp-elements-74063386d7d4b0ffe4b2d4e74be97c7b\" style=\"color:#122567\"><strong>Stockholmsv\u00e4gen 125, <\/strong><br><strong>746 49 B\u00e5lsta<\/strong><\/p>\n\n\n\n<div class=\"wp-block-group is-vertical is-content-justification-center is-nowrap is-layout-flex wp-container-core-group-is-layout-21d4e958 wp-block-group-is-layout-flex\">\n<p class=\"has-text-color has-link-color wp-elements-4d0443b6942ab3dbdd9e811a24a4329a\" style=\"color:#122567\">V\u00e5rt kundcenter har endast \u00f6ppet f\u00f6r bokade bes\u00f6k. Boka tid via telefon eller mejl.<\/p>\n<\/div>\n<\/div>\n\n\n\n<div class=\"wp-block-column has-border-color has-base-background-color has-background is-layout-flow wp-block-column-is-layout-flow\" style=\"border-color:#dde9e9;border-width:1px;padding-top:var(--wp--preset--spacing--30);padding-right:var(--wp--preset--spacing--30);padding-bottom:var(--wp--preset--spacing--30);padding-left:var(--wp--preset--spacing--30)\">\n<figure class=\"wp-block-image aligncenter size-full is-resized is-style-rounded is-style-rounded--2\"><img loading=\"lazy\" decoding=\"async\" width=\"550\" height=\"411\" src=\"https:\/\/lyssna-njut.se\/wp-content\/uploads\/2024\/04\/symboler-02.png\" alt=\"\" class=\"wp-image-614\" style=\"aspect-ratio:1;object-fit:cover;width:76px;height:auto\" srcset=\"https:\/\/lyssna-njut.se\/wp-content\/uploads\/2024\/04\/symboler-02.png 550w, https:\/\/lyssna-njut.se\/wp-content\/uploads\/2024\/04\/symboler-02-300x224.png 300w\" sizes=\"auto, (max-width: 550px) 100vw, 550px\" \/><\/figure>\n\n\n\n<div style=\"height:14px\" aria-hidden=\"true\" class=\"wp-block-spacer\"><\/div>\n\n\n\n<h4 class=\"wp-block-heading has-text-align-center has-text-color has-link-color has-system-sans-serif-font-family wp-elements-89393edb29c980bbf831a53c985de2d7\" style=\"color:#122567;font-style:normal;font-weight:500\">Telefon<\/h4>\n\n\n\n<p class=\"has-text-align-center has-text-color has-link-color wp-elements-bed2d69b0356ca2545d92d141eb4c95b\" style=\"color:#122567\"><strong>0171-595 65<\/strong><\/p>\n\n\n\n<div style=\"height:4px\" aria-hidden=\"true\" class=\"wp-block-spacer\"><\/div>\n\n\n\n<p class=\"has-text-color has-link-color wp-elements-a36786bf27dcabc0a7ae9526a9feeb67\" style=\"color:#122567\">Vi har telefontider vardagar kl 13.00- 17.00. V\u00e4lj knappval 3 f\u00f6r att komma till kundcentret. Det g\u00e5r att l\u00e4mna meddelande p\u00e5 telefonsvararen dygnet runt.<\/p>\n<\/div>\n\n\n\n<div class=\"wp-block-column has-border-color has-base-background-color has-background is-layout-flow wp-block-column-is-layout-flow\" style=\"border-color:#dde9e9;border-width:1px;padding-top:var(--wp--preset--spacing--30);padding-right:var(--wp--preset--spacing--30);padding-bottom:var(--wp--preset--spacing--30);padding-left:var(--wp--preset--spacing--30)\">\n<figure class=\"wp-block-image aligncenter size-full is-resized is-style-default\"><img loading=\"lazy\" decoding=\"async\" width=\"550\" height=\"411\" src=\"https:\/\/lyssna-njut.se\/wp-content\/uploads\/2024\/04\/symboler-01.png\" alt=\"\" class=\"wp-image-615\" style=\"width:83px;height:auto\" srcset=\"https:\/\/lyssna-njut.se\/wp-content\/uploads\/2024\/04\/symboler-01.png 550w, https:\/\/lyssna-njut.se\/wp-content\/uploads\/2024\/04\/symboler-01-300x224.png 300w\" sizes=\"auto, (max-width: 550px) 100vw, 550px\" \/><\/figure>\n\n\n\n<div style=\"height:28px\" aria-hidden=\"true\" class=\"wp-block-spacer\"><\/div>\n\n\n\n<h4 class=\"wp-block-heading has-text-align-center has-text-color has-link-color has-system-sans-serif-font-family wp-elements-32191b74452e11d6be583f05dd3cd966\" style=\"color:#122567;font-style:normal;font-weight:500\">Mejl <\/h4>\n\n\n\n<p class=\"has-text-align-center has-text-color has-link-color wp-elements-ed9733d0ff1d4ab75e052ee030b0b8aa\" style=\"color:#122567\"><strong>info@lyssna-njut.se<\/strong><\/p>\n\n\n\n<div style=\"height:1px\" aria-hidden=\"true\" class=\"wp-block-spacer\"><\/div>\n\n\n\n<div class=\"wp-block-group is-vertical is-content-justification-center is-nowrap is-layout-flex wp-container-core-group-is-layout-21d4e958 wp-block-group-is-layout-flex\">\n<p class=\"has-text-color has-link-color wp-elements-a9852c00696c6abeca5a828b17a669ec\" style=\"color:#122567\">Vi besvarar ditt mejl inom 1-2 arbetsdagar.<\/p>\n<\/div>\n<\/div>\n<\/div>\n<\/div>\n\n\n\n<div class=\"wp-block-group has-global-padding is-layout-constrained wp-block-group-is-layout-constrained\">\n<div class=\"wp-block-group has-global-padding is-layout-constrained wp-block-group-is-layout-constrained\">\n<div style=\"height:43px\" aria-hidden=\"true\" class=\"wp-block-spacer\"><\/div>\n\n\n\n<h2 class=\"wp-block-heading has-text-align-center has-system-sans-serif-font-family\">AVVIKANDE TELEFONTIDER<\/h2>\n\n\n\n<div class=\"wp-block-columns is-not-stacked-on-mobile is-layout-flex wp-container-core-columns-is-layout-28f84493 wp-block-columns-is-layout-flex\">\n<div class=\"wp-block-column is-layout-flow wp-block-column-is-layout-flow\" style=\"flex-basis:50%\">\n<p class=\"has-text-align-right\"><strong> Valborgsm\u00e4ssoafton<\/strong> <strong>torsdag 30\/4<br> F\u00f6rsta maj fredag 1\/5<\/strong><br><strong>Kristi himmelsf\u00e4rd torsdag 14\/5<br>Fredag 15\/5<\/strong><\/p>\n<\/div>\n\n\n\n<div class=\"wp-block-column is-layout-flow wp-block-column-is-layout-flow\" style=\"flex-basis:50%\">\n<p>St\u00e4ngt<br>St\u00e4ngt<br>St\u00e4ngt<br>St\u00e4ngt<\/p>\n<\/div>\n<\/div>\n\n\n\n<p>Bes\u00f6k p\u00e5 plats m\u00e5ste tidsbokas. Du kan alltid l\u00e4mna meddelande p\u00e5 v\u00e5r telefonsvarare s\u00e5 \u00e5terkommer vi till dig s\u00e5 snart vi kan.<\/p>\n\n\n\n<div style=\"height:42px\" aria-hidden=\"true\" class=\"wp-block-spacer\"><\/div>\n<\/div>\n<\/div>\n","protected":false},"excerpt":{"rendered":"<p>KONTAKT Har du fr\u00e5gor om best\u00e4llning eller installation av fiber? Kundcentret Stockholmsv\u00e4gen 125, 746 49 B\u00e5lsta V\u00e5rt kundcenter har endast \u00f6ppet f\u00f6r bokade bes\u00f6k. Boka tid via telefon eller mejl. Telefon 0171-595 65 Vi har telefontider vardagar kl 13.00- 17.00. V\u00e4lj knappval 3 f\u00f6r att komma till kundcentret. Det g\u00e5r att l\u00e4mna meddelande p\u00e5 telefonsvararen [&hellip;]<\/p>\n","protected":false},"author":4,"featured_media":0,"parent":0,"menu_order":0,"comment_status":"closed","ping_status":"closed","template":"","meta":{"footnotes":""},"class_list":["post-30","page","type-page","status-publish","hentry"],"_links":{"self":[{"href":"https:\/\/lyssna-njut.se\/index.php?rest_route=\/wp\/v2\/pages\/30","targetHints":{"allow":["GET"]}}],"collection":[{"href":"https:\/\/lyssna-njut.se\/index.php?rest_route=\/wp\/v2\/pages"}],"about":[{"href":"https:\/\/lyssna-njut.se\/index.php?rest_route=\/wp\/v2\/types\/page"}],"author":[{"embeddable":true,"href":"https:\/\/lyssna-njut.se\/index.php?rest_route=\/wp\/v2\/users\/4"}],"replies":[{"embeddable":true,"href":"https:\/\/lyssna-njut.se\/index.php?rest_route=%2Fwp%2Fv2%2Fcomments&post=30"}],"version-history":[{"count":52,"href":"https:\/\/lyssna-njut.se\/index.php?rest_route=\/wp\/v2\/pages\/30\/revisions"}],"predecessor-version":[{"id":1336,"href":"https:\/\/lyssna-njut.se\/index.php?rest_route=\/wp\/v2\/pages\/30\/revisions\/1336"}],"wp:attachment":[{"href":"https:\/\/lyssna-njut.se\/index.php?rest_route=%2Fwp%2Fv2%2Fmedia&parent=30"}],"curies":[{"name":"wp","href":"https:\/\/api.w.org\/{rel}","templated":true}]}}