{"id":897,"date":"2024-09-30T15:36:15","date_gmt":"2024-09-30T13:36:15","guid":{"rendered":"https:\/\/lyssna-njut.se\/?page_id=897"},"modified":"2024-10-14T14:51:58","modified_gmt":"2024-10-14T12:51:58","slug":"tjanster","status":"publish","type":"page","link":"https:\/\/lyssna-njut.se\/?page_id=897","title":{"rendered":"Tj\u00e4nster"},"content":{"rendered":"\n<div class=\"wp-block-columns has-base-background-color has-background is-layout-flex wp-container-core-columns-is-layout-9884b033 wp-block-columns-is-layout-flex\" style=\"padding-top:0;padding-right:var(--wp--preset--spacing--30);padding-bottom:var(--wp--preset--spacing--10);padding-left:var(--wp--preset--spacing--30)\">\n<div class=\"wp-block-column is-layout-flow wp-block-column-is-layout-flow\" style=\"flex-basis:100%\">\n<div class=\"wp-block-group alignwide has-base-background-color has-background is-vertical is-layout-flex wp-container-core-group-is-layout-c70b5d27 wp-block-group-is-layout-flex\" style=\"border-radius:0px;padding-top:var(--wp--preset--spacing--30);padding-right:0;padding-bottom:var(--wp--preset--spacing--30);padding-left:0\">\n<h3 class=\"wp-block-heading has-text-color has-link-color has-system-sans-serif-font-family has-x-large-font-size wp-elements-e9eec947306f486b19a93b72cb62558f\" style=\"color:#122567;font-style:normal;font-weight:600\">V\u00c5R TJ\u00c4NSTELEVERANT\u00d6R SAPPA<\/h3>\n\n\n\n<p>Vill du teckna tj\u00e4nster, g\u00f6ra \u00e4ndringar i befintliga abonnemang eller anm\u00e4la flytt &#8211; kontakta Sappa!<\/p>\n\n\n\n<p class=\"has-text-color has-link-color wp-elements-e6ca5e2550ec57dc312a4c93c26819f3\" style=\"color:#122567\">Kontakta Sappa p\u00e5 tel&nbsp;<strong>010-810 91 43<\/strong>, deras telefonv\u00e4xel har \u00f6ppet har \u00f6ppet vardagar 8-19 och helger 10-14. Har du mobilt Bank-ID kan du g\u00f6ra best\u00e4llningar eller andra abonnemangs\u00e4ndringar p\u00e5 deras hemsida Sappa.se. <\/p>\n<\/div>\n<\/div>\n<\/div>\n\n\n\n<div class=\"wp-block-group has-global-padding is-layout-constrained wp-container-core-group-is-layout-c9ba98b2 wp-block-group-is-layout-constrained has-background\" style=\"border-radius:10px;margin-top:0;margin-bottom:0;padding-top:0;padding-right:var(--wp--preset--spacing--30);padding-bottom:0;padding-left:var(--wp--preset--spacing--30);background-image:url(&apos;https:\/\/lyssna-njut.se\/wp-content\/uploads\/2024\/05\/LN-farg-e1716880798589.png&apos;);background-size:cover;\">\n<hr class=\"wp-block-separator alignwide has-text-color has-alpha-channel-opacity has-background\" style=\"margin-top:var(--wp--preset--spacing--30);margin-bottom:var(--wp--preset--spacing--30);background-color:#dde9e9;color:#dde9e9\"\/>\n\n\n\n<h2 class=\"wp-block-heading has-base-color has-text-color has-link-color has-system-sans-serif-font-family has-x-large-font-size wp-elements-47df46dcaa741d47fb981715a7951b24\" style=\"font-style:normal;font-weight:600\">TECKNA ABONNEMANG<\/h2>\n\n\n\n<div class=\"wp-block-columns alignwide is-layout-flex wp-container-core-columns-is-layout-d6d4bbd0 wp-block-columns-is-layout-flex\" style=\"padding-right:0;padding-left:0\">\n<div class=\"wp-block-column is-vertically-aligned-stretch is-layout-flow wp-block-column-is-layout-flow\" style=\"flex-basis:100%\">\n<div class=\"wp-block-columns is-layout-flex wp-container-core-columns-is-layout-eea3bf95 wp-block-columns-is-layout-flex\" style=\"padding-top:var(--wp--preset--spacing--20);padding-right:var(--wp--preset--spacing--30);padding-bottom:var(--wp--preset--spacing--20);padding-left:var(--wp--preset--spacing--30)\">\n<div class=\"wp-block-column has-border-color has-base-background-color has-background has-global-padding is-content-justification-left is-layout-constrained wp-container-core-column-is-layout-c1cd3b84 wp-block-column-is-layout-constrained\" style=\"border-color:#dde9e9;border-width:2px;padding-top:var(--wp--preset--spacing--30);padding-right:var(--wp--preset--spacing--30);padding-bottom:var(--wp--preset--spacing--30);padding-left:var(--wp--preset--spacing--30);flex-basis:33.34%\">\n<div class=\"wp-block-group has-global-padding is-layout-constrained wp-block-group-is-layout-constrained\">\n<h2 class=\"wp-block-heading has-text-color has-link-color has-system-sans-serif-font-family has-large-font-size wp-elements-6ded7bb35796d02744764fdc4feaa75e\" style=\"color:#122567;font-style:normal;font-weight:600\">Internet<\/h2>\n<\/div>\n\n\n\n<p class=\"has-text-color has-link-color wp-elements-8a44dc36c03f1ba3ad9b90482aa91e94\" style=\"color:#122567\">Sappa har flera olika hastigheter att v\u00e4lja mellan. Du kan \u00e4ven g\u00f6ra ett test f\u00f6r att se vilken hastighet som passar ditt hush\u00e5ll.<\/p>\n\n\n\n<p><\/p>\n\n\n\n<div class=\"wp-block-buttons is-layout-flex wp-block-buttons-is-layout-flex\">\n<div class=\"wp-block-button\"><a class=\"wp-block-button__link has-text-color has-background has-link-color wp-element-button\" href=\"https:\/\/sappa.se\/om-bredband\/bredbandstips\/valj-ratt-bredband\" style=\"border-radius:40px;color:#122567;background-color:#3cd4ae\" target=\"_blank\" rel=\"noreferrer noopener\"><strong>Vilken bredbandshastighet passar mig?<\/strong><\/a><\/div>\n\n\n\n<div class=\"wp-block-button\"><a class=\"wp-block-button__link has-text-color has-background has-link-color wp-element-button\" href=\"https:\/\/sappa.se\/kop-bredband?p=bredband-100100\" style=\"border-radius:40px;color:#122567;background-color:#3cd4ae\" target=\"_blank\" rel=\"noreferrer noopener\"><strong>Teckna internetabonnemang<\/strong><\/a><\/div>\n<\/div>\n<\/div>\n\n\n\n<div class=\"wp-block-column has-border-color has-base-background-color has-background has-global-padding is-content-justification-left is-layout-constrained wp-container-core-column-is-layout-c1cd3b84 wp-block-column-is-layout-constrained\" style=\"border-color:#dde9e9;border-width:2px;padding-top:var(--wp--preset--spacing--30);padding-right:var(--wp--preset--spacing--30);padding-bottom:var(--wp--preset--spacing--30);padding-left:var(--wp--preset--spacing--30);flex-basis:33.34%\">\n<div class=\"wp-block-group has-global-padding is-layout-constrained wp-block-group-is-layout-constrained\">\n<h2 class=\"wp-block-heading has-text-color has-link-color has-system-sans-serif-font-family has-large-font-size wp-elements-af3af5839aabdef13374645b8c4e310c\" style=\"color:#122567;font-style:normal;font-weight:600\">TV &amp; Play<\/h2>\n<\/div>\n\n\n\n<p class=\"has-text-color has-link-color wp-elements-f754e171a37b34c498b1fb5581cb02e2\" style=\"color:#122567\">V\u00e4lj och vraka bland Sappas stora utbud av kanalpaket och playtj\u00e4nster.<\/p>\n\n\n\n<p><\/p>\n\n\n\n<div style=\"height:3px\" aria-hidden=\"true\" class=\"wp-block-spacer\"><\/div>\n\n\n\n<div class=\"wp-block-buttons is-layout-flex wp-block-buttons-is-layout-flex\">\n<div class=\"wp-block-button\"><a class=\"wp-block-button__link has-text-color has-background has-link-color wp-element-button\" href=\"https:\/\/sappa.se\/tv-paket\" style=\"border-radius:40px;color:#122567;background-color:#3cd4ae\" target=\"_blank\" rel=\"noreferrer noopener\"><strong>Teckna TV-abonnemang<\/strong><\/a><\/div>\n<\/div>\n<\/div>\n\n\n\n<div class=\"wp-block-column has-border-color has-base-background-color has-background has-global-padding is-content-justification-left is-layout-constrained wp-container-core-column-is-layout-c1cd3b84 wp-block-column-is-layout-constrained\" style=\"border-color:#dde9e9;border-width:2px;padding-top:var(--wp--preset--spacing--30);padding-right:var(--wp--preset--spacing--30);padding-bottom:var(--wp--preset--spacing--30);padding-left:var(--wp--preset--spacing--30);flex-basis:33.34%\">\n<div class=\"wp-block-group has-global-padding is-layout-constrained wp-block-group-is-layout-constrained\">\n<h2 class=\"wp-block-heading has-text-color has-link-color has-system-sans-serif-font-family has-large-font-size wp-elements-40fa5fb5e82f7a82e9da875ed4966e15\" style=\"color:#122567;font-style:normal;font-weight:600\">IP-telefoni<\/h2>\n<\/div>\n\n\n\n<p class=\"has-text-color has-link-color wp-elements-748132f09607869350cc12c37994625c\" style=\"color:#122567\">Sappa erbjuder \u00e4ven fast IP-telefoni. Tj\u00e4nsten kr\u00e4ver ett internet-abonnemang.<\/p>\n\n\n\n<div style=\"height:48px\" aria-hidden=\"true\" class=\"wp-block-spacer\"><\/div>\n\n\n\n<div class=\"wp-block-buttons is-layout-flex wp-block-buttons-is-layout-flex\">\n<div class=\"wp-block-button\"><a class=\"wp-block-button__link has-text-color has-background has-link-color wp-element-button\" href=\"https:\/\/sappa.se\/fast-telefoni\/telefoni\" style=\"border-radius:40px;color:#122567;background-color:#3cd4ae\" target=\"_blank\" rel=\"noreferrer noopener\"><strong>Teckna IP-telefoni<\/strong><\/a><\/div>\n<\/div>\n<\/div>\n<\/div>\n<\/div>\n<\/div>\n<\/div>\n\n\n\n<hr class=\"wp-block-separator alignwide has-text-color has-alpha-channel-opacity has-background\" style=\"margin-top:var(--wp--preset--spacing--20);margin-bottom:var(--wp--preset--spacing--20);background-color:#dde9e9;color:#dde9e9\"\/>\n\n\n\n<div style=\"height:50px\" aria-hidden=\"true\" class=\"wp-block-spacer\"><\/div>\n","protected":false},"excerpt":{"rendered":"<p>V\u00c5R TJ\u00c4NSTELEVERANT\u00d6R SAPPA Vill du teckna tj\u00e4nster, g\u00f6ra \u00e4ndringar i befintliga abonnemang eller anm\u00e4la flytt &#8211; kontakta Sappa! Kontakta Sappa p\u00e5 tel&nbsp;010-810 91 43, deras telefonv\u00e4xel har \u00f6ppet har \u00f6ppet vardagar 8-19 och helger 10-14. Har du mobilt Bank-ID kan du g\u00f6ra best\u00e4llningar eller andra abonnemangs\u00e4ndringar p\u00e5 deras hemsida Sappa.se. TECKNA ABONNEMANG Internet Sappa har [&hellip;]<\/p>\n","protected":false},"author":4,"featured_media":0,"parent":0,"menu_order":0,"comment_status":"closed","ping_status":"closed","template":"","meta":{"footnotes":""},"class_list":["post-897","page","type-page","status-publish","hentry"],"_links":{"self":[{"href":"https:\/\/lyssna-njut.se\/index.php?rest_route=\/wp\/v2\/pages\/897","targetHints":{"allow":["GET"]}}],"collection":[{"href":"https:\/\/lyssna-njut.se\/index.php?rest_route=\/wp\/v2\/pages"}],"about":[{"href":"https:\/\/lyssna-njut.se\/index.php?rest_route=\/wp\/v2\/types\/page"}],"author":[{"embeddable":true,"href":"https:\/\/lyssna-njut.se\/index.php?rest_route=\/wp\/v2\/users\/4"}],"replies":[{"embeddable":true,"href":"https:\/\/lyssna-njut.se\/index.php?rest_route=%2Fwp%2Fv2%2Fcomments&post=897"}],"version-history":[{"count":4,"href":"https:\/\/lyssna-njut.se\/index.php?rest_route=\/wp\/v2\/pages\/897\/revisions"}],"predecessor-version":[{"id":907,"href":"https:\/\/lyssna-njut.se\/index.php?rest_route=\/wp\/v2\/pages\/897\/revisions\/907"}],"wp:attachment":[{"href":"https:\/\/lyssna-njut.se\/index.php?rest_route=%2Fwp%2Fv2%2Fmedia&parent=897"}],"curies":[{"name":"wp","href":"https:\/\/api.w.org\/{rel}","templated":true}]}}