{"id":974,"date":"2025-01-10T14:15:51","date_gmt":"2025-01-10T13:15:51","guid":{"rendered":"https:\/\/lyssna-njut.se\/?page_id=974"},"modified":"2025-11-21T15:02:17","modified_gmt":"2025-11-21T14:02:17","slug":"genexis","status":"publish","type":"page","link":"https:\/\/lyssna-njut.se\/?page_id=974","title":{"rendered":"Genexis"},"content":{"rendered":"\n<div class=\"wp-block-group alignfull has-base-background-color has-background has-global-padding is-layout-constrained wp-container-core-group-is-layout-a8e4e7e6 wp-block-group-is-layout-constrained\" style=\"margin-top:0;margin-bottom:0;padding-top:var(--wp--preset--spacing--40);padding-right:var(--wp--preset--spacing--50);padding-bottom:var(--wp--preset--spacing--10);padding-left:var(--wp--preset--spacing--50)\">\n<div class=\"wp-block-columns alignwide is-layout-flex wp-container-core-columns-is-layout-42c75cf0 wp-block-columns-is-layout-flex\" style=\"padding-right:var(--wp--preset--spacing--40);padding-left:var(--wp--preset--spacing--40)\">\n<div class=\"wp-block-column is-vertically-aligned-stretch is-layout-flow wp-block-column-is-layout-flow\" style=\"flex-basis:50%\">\n<div class=\"wp-block-group is-vertical is-content-justification-stretch is-layout-flex wp-container-core-group-is-layout-444d5ee8 wp-block-group-is-layout-flex\" style=\"min-height:100%\">\n<p class=\"has-text-color has-link-color has-system-sans-serif-font-family has-x-large-font-size wp-elements-521e385fbd8aaf812142647889a6d18d\" style=\"color:#122567;font-style:normal;font-weight:600;line-height:1.2\">GENEXIS<\/p>\n\n\n\n<p class=\"has-text-color has-link-color has-system-sans-serif-font-family has-large-font-size wp-elements-b4a5902b22c516513b645a1d521592ec\" style=\"color:#122567;font-style:normal;font-weight:600;line-height:1.2\">Fiberkonverterare med antennutg\u00e5ng<\/p>\n\n\n\n<p class=\"has-text-color has-link-color wp-elements-684579894fa45a5a437e8d4cd8cc6c4a\" style=\"color:#122567\">Uttagen p\u00e5 fiberkonverteraren. <br>Ibland sitter fiberkonverteraren i ett mediask\u00e5p.<\/p>\n\n\n\n<div style=\"height:167px\" aria-hidden=\"true\" class=\"wp-block-spacer wp-container-content-4bcbcab1\"><\/div>\n<\/div>\n<\/div>\n\n\n\n<div class=\"wp-block-column is-vertically-aligned-center is-layout-flow wp-block-column-is-layout-flow\" style=\"flex-basis:50%\">\n<figure class=\"wp-block-image size-full is-resized\"><img loading=\"lazy\" decoding=\"async\" width=\"595\" height=\"335\" src=\"https:\/\/lyssna-njut.se\/wp-content\/uploads\/2025\/02\/Genexis_lamporbruks-edited.png\" alt=\"\" class=\"wp-image-1021\" style=\"width:643px;height:auto\" srcset=\"https:\/\/lyssna-njut.se\/wp-content\/uploads\/2025\/02\/Genexis_lamporbruks-edited.png 595w, https:\/\/lyssna-njut.se\/wp-content\/uploads\/2025\/02\/Genexis_lamporbruks-edited-300x169.png 300w\" sizes=\"auto, (max-width: 595px) 100vw, 595px\" \/><\/figure>\n<\/div>\n<\/div>\n<\/div>\n\n\n\n<div class=\"wp-block-group alignfull has-base-background-color has-background has-global-padding is-layout-constrained wp-container-core-group-is-layout-a8e4e7e6 wp-block-group-is-layout-constrained\" style=\"margin-top:0;margin-bottom:0;padding-top:var(--wp--preset--spacing--40);padding-right:var(--wp--preset--spacing--50);padding-bottom:var(--wp--preset--spacing--10);padding-left:var(--wp--preset--spacing--50)\">\n<div class=\"wp-block-columns alignwide is-layout-flex wp-container-core-columns-is-layout-42c75cf0 wp-block-columns-is-layout-flex\" style=\"padding-right:var(--wp--preset--spacing--40);padding-left:var(--wp--preset--spacing--40)\">\n<div class=\"wp-block-column is-vertically-aligned-stretch is-layout-flow wp-block-column-is-layout-flow\" style=\"flex-basis:50%\">\n<div class=\"wp-block-group is-vertical is-content-justification-stretch is-layout-flex wp-container-core-group-is-layout-444d5ee8 wp-block-group-is-layout-flex\" style=\"min-height:100%\">\n<p class=\"has-text-color has-link-color has-system-sans-serif-font-family has-x-large-font-size wp-elements-d3b73b2a85c8a234e85d7be7eea03d78\" style=\"color:#122567;font-style:normal;font-weight:600;line-height:1.2\">GENEXIS XGS<\/p>\n\n\n\n<p class=\"has-text-color has-link-color has-system-sans-serif-font-family has-large-font-size wp-elements-62628d26644871234b2af9facacc6764\" style=\"color:#122567;font-style:normal;font-weight:600;line-height:1.2\">Fiberkonverterare endast n\u00e4tverksuttag<\/p>\n\n\n\n<p class=\"has-text-color has-link-color wp-elements-ca8f8d389000413898a1112270ed6db5\" style=\"color:#122567\">Uttagen p\u00e5 fiberkonverteraren. Samtliga n\u00e4tverksportar \u00e4r aktiva.<br>Har man abonnemang p\u00e5 IPTV\/IPTV-box f\u00f6r fria kanaler kan den utrustningen kopplas in p\u00e5 valfri n\u00e4tverksport. <br>Ibland sitter fiberkonverteraren i ett mediask\u00e5p. Man kan d\u00e5 anv\u00e4nda n\u00e4tverksuttagen i mediask\u00e5pet f\u00f6r att f\u00f6ra vidare bredband och IPTV signal ut i fastighetens n\u00e4tverksuttag.<\/p>\n\n\n\n<div style=\"height:167px\" aria-hidden=\"true\" class=\"wp-block-spacer wp-container-content-4bcbcab1\"><\/div>\n<\/div>\n<\/div>\n\n\n\n<div class=\"wp-block-column is-vertically-aligned-center is-layout-flow wp-block-column-is-layout-flow\" style=\"flex-basis:50%\">\n<figure class=\"wp-block-image size-full is-resized\"><img loading=\"lazy\" decoding=\"async\" width=\"595\" height=\"446\" src=\"https:\/\/lyssna-njut.se\/wp-content\/uploads\/2025\/11\/GenexisXGS-edited.png\" alt=\"\" class=\"wp-image-1248\" style=\"width:643px;height:auto\" srcset=\"https:\/\/lyssna-njut.se\/wp-content\/uploads\/2025\/11\/GenexisXGS-edited.png 595w, https:\/\/lyssna-njut.se\/wp-content\/uploads\/2025\/11\/GenexisXGS-edited-300x225.png 300w\" sizes=\"auto, (max-width: 595px) 100vw, 595px\" \/><\/figure>\n<\/div>\n<\/div>\n<\/div>\n\n\n\n<div class=\"wp-block-group alignfull has-background has-global-padding is-layout-constrained wp-container-core-group-is-layout-3f3d63a5 wp-block-group-is-layout-constrained\" style=\"background:linear-gradient(135deg,rgb(137,212,255) 0%,rgb(144,108,244) 97%);margin-top:0;margin-bottom:0;padding-top:var(--wp--preset--spacing--30);padding-right:var(--wp--preset--spacing--40);padding-bottom:var(--wp--preset--spacing--30);padding-left:var(--wp--preset--spacing--40)\">\n<div class=\"wp-block-columns alignwide is-layout-flex wp-container-core-columns-is-layout-2b705c59 wp-block-columns-is-layout-flex\" style=\"padding-right:var(--wp--preset--spacing--30);padding-left:var(--wp--preset--spacing--30)\">\n<div class=\"wp-block-column is-vertically-aligned-center is-layout-flow wp-block-column-is-layout-flow\" style=\"flex-basis:100%\">\n<div class=\"wp-block-group alignwide has-contrast-color has-text-color has-link-color wp-elements-83da4149841cf4d4af6f4a16993f4d8a has-global-padding is-layout-constrained wp-container-core-group-is-layout-d6f65a1b wp-block-group-is-layout-constrained\" style=\"margin-top:0;margin-bottom:0;padding-top:var(--wp--preset--spacing--30);padding-right:var(--wp--preset--spacing--30);padding-bottom:var(--wp--preset--spacing--30);padding-left:var(--wp--preset--spacing--30)\">\n<h2 class=\"wp-block-heading alignwide has-text-color has-link-color has-system-sans-serif-font-family wp-elements-a268cb4040ab54be01fe6a226f428c87\" style=\"color:#122567;font-size:clamp(1.551rem, 1.551rem + ((1vw - 0.2rem) * 1.748), 2.6rem);font-style:normal;font-weight:600;letter-spacing:-0.02em\">ENKEL FELS\u00d6KNING<\/h2>\n\n\n\n<div class=\"wp-block-group alignwide is-layout-flow wp-block-group-is-layout-flow\">\n<hr class=\"wp-block-separator has-text-color has-alpha-channel-opacity has-background is-style-wide\" style=\"background-color:#122567;color:#122567\"\/>\n\n\n\n<details class=\"wp-block-details is-style-arrow-icon-details has-text-color has-link-color has-medium-font-size wp-elements-8e54fb506adebca945b0e394e88ed41f is-layout-flow wp-block-details-is-layout-flow\" style=\"border-top-color:#122567;border-top-width:1px;border-right-style:none;border-right-width:0px;border-bottom-color:#122567;border-bottom-style:solid;border-bottom-width:1px;border-left-style:none;border-left-width:0px;color:#122567;margin-top:0\"><summary>Uplink-lampan p\u00e5 min fiberkonverterare lyser inte\/blinkar<\/summary>\n<p class=\"has-contrast-1-color has-text-color has-link-color wp-elements-b4b8e2c9d43059797c63d2e657545981\">Om Uplink-lampan inte lyser eller blinkar l\u00e4ngre stund kan enheten inte etablera l\u00e4nk. <br>B\u00f6rja fels\u00f6kningen genom att starta om fiberkonverteraren i ca 30sek. <\/p>\n<\/details>\n\n\n\n<details class=\"wp-block-details is-style-arrow-icon-details has-text-color has-link-color has-medium-font-size wp-elements-0017177b8588e7f7cc9472da751484e7 is-layout-flow wp-block-details-is-layout-flow\" style=\"border-top-style:none;border-top-width:0px;border-right-style:none;border-right-width:0px;border-bottom-color:#122567;border-bottom-style:solid;border-bottom-width:1px;border-left-style:none;border-left-width:0px;color:#122567;margin-top:0\"><summary>TV-lampan p\u00e5 min fiberkonverterare lyser inte<\/summary>\n<p class=\"has-contrast-1-color has-text-color has-link-color wp-elements-2fa8835282aeba4def767eb205c96cf4\">Detta kan bero p\u00e5 att det inte finns n\u00e5got TV-abonnemang p\u00e5 adressen, eller att TV-abonnemanget \u00e4nnu inte aktiverats. <br>Har TV-lampan lyst gr\u00f6nt tidigare men pl\u00f6tsligt slocknat, prova att starta om fiberkonverteraren.<\/p>\n<\/details>\n\n\n\n<details class=\"wp-block-details is-style-arrow-icon-details has-text-color has-link-color has-medium-font-size wp-elements-03c9417adc02402ab34597528b11a581 is-layout-flow wp-block-details-is-layout-flow\" style=\"border-top-style:none;border-top-width:0px;border-right-style:none;border-right-width:0px;border-bottom-color:#122567;border-bottom-style:solid;border-bottom-width:1px;border-left-style:none;border-left-width:0px;color:#122567;margin-top:0\"><summary>Inga lampor lyser p\u00e5 min fiberkonverterare<\/summary>\n<p class=\"has-contrast-1-color has-text-color has-link-color wp-elements-c58b4e90289b1a54c47d769d0b2e1df0\">B\u00f6rja med att kontrollera att fiberkonverteraren har str\u00f6m. Kontrollera att str\u00f6mkabeln sitter i ordentligt b\u00e5de i el-uttaget och i fiberkonverteraren. Det kan \u00e4ven vara bra att kontrollera att det finns str\u00f6m i el-uttaget. <br>P\u00e5 h\u00f6ger sida av fiberkonverteraren sitter en knapp som st\u00e4nger av\/sl\u00e5r p\u00e5 lamporna p\u00e5 enheten. Prova att trycka p\u00e5 knappen i 1 sek och se om lamporna t\u00e4nds.<br>Har man kontrollerat allt ovan och inte hittar n\u00e5got fel kan man prova att byta str\u00f6mkabel. Kontakta Sappa f\u00f6r att f\u00e5 en ny str\u00f6mkabel till din fiberkonverterare.<\/p>\n<\/details>\n<\/div>\n<\/div>\n<\/div>\n<\/div>\n<\/div>\n\n\n\n<div class=\"wp-block-group alignfull has-base-background-color has-background has-global-padding is-layout-constrained wp-container-core-group-is-layout-81b687e8 wp-block-group-is-layout-constrained\" style=\"margin-top:0;margin-bottom:0;padding-top:var(--wp--preset--spacing--40);padding-right:var(--wp--preset--spacing--50);padding-bottom:var(--wp--preset--spacing--40);padding-left:var(--wp--preset--spacing--50)\">\n<div class=\"wp-block-columns alignwide has-base-background-color has-background is-layout-flex wp-container-core-columns-is-layout-82c776ac wp-block-columns-is-layout-flex\" style=\"padding-right:var(--wp--preset--spacing--40);padding-left:var(--wp--preset--spacing--40)\">\n<div class=\"wp-block-column is-layout-flow wp-block-column-is-layout-flow\" style=\"flex-basis:40%\">\n<h2 class=\"wp-block-heading has-text-color has-link-color has-system-sans-serif-font-family has-x-large-font-size wp-elements-d71dc75159265555bf35d6ea71663881\" style=\"color:#122567;font-style:normal;font-weight:600\">FELS\u00d6K MED LAMPORNA<\/h2>\n\n\n\n<p class=\"has-text-color has-link-color wp-elements-6c6068bbf471d4bc96b61b32917b2f46\" style=\"color:#122567\">P\u00e5 din fiberkonverterare finns tre lampor. <br>Har du b\u00e5de internet- och TV-abonnemang ska UPLINK-lampan och VIDEO-lampan lysa gr\u00f6nt. <br><br>Har du inte TV-abonnemang och inte bor i f\u00f6rening med avtal f\u00f6r TV-utbud ska VIDEO-lampan ej lysa.<\/p>\n\n\n\n<p>G\u00f6r aldrig en \u00e5terst\u00e4llning av fiberkonverteraren sj\u00e4lv. <\/p>\n<\/div>\n\n\n\n<div class=\"wp-block-column is-vertically-aligned-center is-layout-flow wp-block-column-is-layout-flow\" style=\"flex-basis:60%\">\n<figure class=\"wp-block-image alignleft size-full is-resized\"><img loading=\"lazy\" decoding=\"async\" width=\"206\" height=\"131\" src=\"https:\/\/lyssna-njut.se\/wp-content\/uploads\/2025\/01\/Artboard-1.png\" alt=\"\" class=\"wp-image-989\" style=\"width:287px;height:auto\"\/><\/figure>\n\n\n\n<figure class=\"wp-block-image alignright size-large is-resized\"><img loading=\"lazy\" decoding=\"async\" width=\"1021\" height=\"1024\" src=\"https:\/\/lyssna-njut.se\/wp-content\/uploads\/2025\/01\/Genexis_lampor-3-1021x1024.png\" alt=\"\" class=\"wp-image-980\" style=\"width:414px;height:auto\" srcset=\"https:\/\/lyssna-njut.se\/wp-content\/uploads\/2025\/01\/Genexis_lampor-3-1021x1024.png 1021w, https:\/\/lyssna-njut.se\/wp-content\/uploads\/2025\/01\/Genexis_lampor-3-300x300.png 300w, https:\/\/lyssna-njut.se\/wp-content\/uploads\/2025\/01\/Genexis_lampor-3-150x150.png 150w, https:\/\/lyssna-njut.se\/wp-content\/uploads\/2025\/01\/Genexis_lampor-3-768x770.png 768w, https:\/\/lyssna-njut.se\/wp-content\/uploads\/2025\/01\/Genexis_lampor-3.png 1372w\" sizes=\"auto, (max-width: 1021px) 100vw, 1021px\" \/><\/figure>\n<\/div>\n<\/div>\n<\/div>\n\n\n\n<div class=\"wp-block-columns is-not-stacked-on-mobile is-layout-flex wp-container-core-columns-is-layout-28f84493 wp-block-columns-is-layout-flex\">\n<div class=\"wp-block-column is-layout-flow wp-block-column-is-layout-flow\" style=\"flex-basis:6.12%\">\n<figure class=\"wp-block-image alignright size-full is-resized\"><img loading=\"lazy\" decoding=\"async\" width=\"74\" height=\"131\" src=\"https:\/\/lyssna-njut.se\/wp-content\/uploads\/2025\/02\/Artboard-1-edited.png\" alt=\"\" class=\"wp-image-1023\" style=\"width:60px\"\/><\/figure>\n<\/div>\n\n\n\n<div class=\"wp-block-column is-layout-flow wp-block-column-is-layout-flow\" style=\"padding-top:0;padding-bottom:0;flex-basis:27.52%\">\n<p>SYSTEM-lampan lyser gr\u00f6nt n\u00e4r enheten \u00e4r uppkopplad. <\/p>\n\n\n\n<p>SYSTEM-lampan blinkar gr\u00f6nt n\u00e4r enheten startat upp\/uppdateras.<\/p>\n\n\n\n<p>Lyser inte SYSTEM-lampan \u00e4r enheten avst\u00e4ngd\/saknar str\u00f6m.<\/p>\n<\/div>\n\n\n\n<div class=\"wp-block-column is-layout-flow wp-block-column-is-layout-flow\"><\/div>\n\n\n\n<div class=\"wp-block-column is-layout-flow wp-block-column-is-layout-flow\">\n<div style=\"height:155px\" aria-hidden=\"true\" class=\"wp-block-spacer\"><\/div>\n<\/div>\n\n\n\n<div class=\"wp-block-column is-layout-flow wp-block-column-is-layout-flow\" style=\"flex-basis:5.51%\">\n<figure class=\"wp-block-image alignright size-full is-resized\"><img loading=\"lazy\" decoding=\"async\" width=\"74\" height=\"131\" src=\"https:\/\/lyssna-njut.se\/wp-content\/uploads\/2025\/02\/Artboard-1-edited-1.png\" alt=\"\" class=\"wp-image-1024\" style=\"width:60px\"\/><\/figure>\n<\/div>\n\n\n\n<div class=\"wp-block-column is-layout-flow wp-block-column-is-layout-flow\" style=\"flex-basis:27.52%\">\n<p>UPLINK-lampan lyser gr\u00f6nt n\u00e4r enheten har etablerat up-l\u00e4nk.<\/p>\n\n\n\n<p>UPLINK-lampan blinkar gr\u00f6nt n\u00e4r l\u00e4nk etableras.<\/p>\n\n\n\n<p>Lyser inte UPLINK-lampan saknas l\u00e4nk och enheten har ingen kontakt med operat\u00f6ren.<\/p>\n<\/div>\n\n\n\n<div class=\"wp-block-column is-layout-flow wp-block-column-is-layout-flow\">\n<div style=\"height:100px\" aria-hidden=\"true\" class=\"wp-block-spacer\"><\/div>\n<\/div>\n\n\n\n<div class=\"wp-block-column is-layout-flow wp-block-column-is-layout-flow\" style=\"flex-basis:5%\">\n<figure class=\"wp-block-image alignright size-full is-resized\"><img loading=\"lazy\" decoding=\"async\" width=\"74\" height=\"131\" src=\"https:\/\/lyssna-njut.se\/wp-content\/uploads\/2025\/02\/Artboard-1-edited-2.png\" alt=\"\" class=\"wp-image-1025\" style=\"width:60px\"\/><\/figure>\n<\/div>\n\n\n\n<div class=\"wp-block-column is-layout-flow wp-block-column-is-layout-flow\" style=\"flex-basis:30%\">\n<p>VIDEO-lampan lyser gr\u00f6nt n\u00e4r antennkabeln \u00e4r inkopplad och signal finns.<\/p>\n\n\n\n<p>VIDEO-lampan blinkar eller \u00e4r sl\u00e4ckt n\u00e4r det inte finns n\u00e5gon TV-signal.<\/p>\n<\/div>\n<\/div>\n\n\n\n<div style=\"height:109px\" aria-hidden=\"true\" class=\"wp-block-spacer\"><\/div>\n\n\n\n<p><\/p>\n","protected":false},"excerpt":{"rendered":"<p>GENEXIS Fiberkonverterare med antennutg\u00e5ng Uttagen p\u00e5 fiberkonverteraren. Ibland sitter fiberkonverteraren i ett mediask\u00e5p. GENEXIS XGS Fiberkonverterare endast n\u00e4tverksuttag Uttagen p\u00e5 fiberkonverteraren. Samtliga n\u00e4tverksportar \u00e4r aktiva.Har man abonnemang p\u00e5 IPTV\/IPTV-box f\u00f6r fria kanaler kan den utrustningen kopplas in p\u00e5 valfri n\u00e4tverksport. Ibland sitter fiberkonverteraren i ett mediask\u00e5p. Man kan d\u00e5 anv\u00e4nda n\u00e4tverksuttagen i mediask\u00e5pet f\u00f6r att [&hellip;]<\/p>\n","protected":false},"author":4,"featured_media":0,"parent":0,"menu_order":0,"comment_status":"closed","ping_status":"closed","template":"","meta":{"footnotes":""},"class_list":["post-974","page","type-page","status-publish","hentry"],"_links":{"self":[{"href":"https:\/\/lyssna-njut.se\/index.php?rest_route=\/wp\/v2\/pages\/974","targetHints":{"allow":["GET"]}}],"collection":[{"href":"https:\/\/lyssna-njut.se\/index.php?rest_route=\/wp\/v2\/pages"}],"about":[{"href":"https:\/\/lyssna-njut.se\/index.php?rest_route=\/wp\/v2\/types\/page"}],"author":[{"embeddable":true,"href":"https:\/\/lyssna-njut.se\/index.php?rest_route=\/wp\/v2\/users\/4"}],"replies":[{"embeddable":true,"href":"https:\/\/lyssna-njut.se\/index.php?rest_route=%2Fwp%2Fv2%2Fcomments&post=974"}],"version-history":[{"count":21,"href":"https:\/\/lyssna-njut.se\/index.php?rest_route=\/wp\/v2\/pages\/974\/revisions"}],"predecessor-version":[{"id":1249,"href":"https:\/\/lyssna-njut.se\/index.php?rest_route=\/wp\/v2\/pages\/974\/revisions\/1249"}],"wp:attachment":[{"href":"https:\/\/lyssna-njut.se\/index.php?rest_route=%2Fwp%2Fv2%2Fmedia&parent=974"}],"curies":[{"name":"wp","href":"https:\/\/api.w.org\/{rel}","templated":true}]}}